{"id":4675,"date":"2021-03-16T14:06:34","date_gmt":"2021-03-16T13:06:34","guid":{"rendered":"https:\/\/www.arkee.fr\/terms-of-use\/"},"modified":"2021-03-16T14:06:34","modified_gmt":"2021-03-16T13:06:34","slug":"terms-of-use","status":"publish","type":"page","link":"https:\/\/www.arkee.fr\/en\/terms-of-use\/","title":{"rendered":"Terms of use"},"content":{"rendered":"<h5>Property<\/h5>\n<p>  The website www.arkee.fr is the property of :<br \/>\n<strong>ARK\u00c9ESAS<\/strong><strong>with capital of \u20ac1,000, whose registered office is located at:<\/strong><strong>37 Rue des Entrep\u00f4ts93400<\/strong><strong>Saint-OuenSIRET<\/strong><strong>:<\/strong><strong>84294863000020NAF<\/strong><strong>code<\/strong><strong>: 7021Z<\/strong> This entire website is governed by French and international legislation on copyright and intellectual property.<br \/>\nReproduction of all or part of this site on any electronic medium whatsoever is strictly forbidden without the express authorization of ARK\u00c9E.<br \/>\nIn accordance with the provisions of the French Intellectual Property Code and international treaties and agreements, any reproduction, disclosure, distribution, representation, translation, broadcasting, modification, transcription, whether partial or total, whatever the medium and whatever the process used, is prohibited without the express authorization of ARK\u00c9E.     <\/p>\n<h5>Cookies<\/h5>\n<p>  In order to improve and personalize your browsing experience, cookies may be placed on your computer.<br \/>\nYou can refuse these cookies by adjusting your browser settings.<br \/>\nTo find out more about how cookies work, please read this page on the CNIL website.    <\/p>\n<h5>Personal data<\/h5>\n<p>  The personal data collected by the arkee.fr website is for internal use only.<br \/>\nUnder no circumstances will this data be transferred or sold to third parties.<br \/>\nOnly comments registered on this site give rise to the recording of connection information (IP address, pseudonym and possibly e-mail address and website).<br \/>\nIn accordance with Article 39 of the French Data Protection Act of January 6, 1978, you have the right to access, modify and object to any personal data recorded by the site.     <\/p>\n<h5>Credits and intellectual property<\/h5>\n<p>  The illustrations available are taken from our internal database or from royalty-free image banks.<br \/>\nWe mainly use https:\/\/pixabay.com\/ \/\/ http:\/\/www.freepik.com \/\/ https:\/\/picjumbo.com   <\/p>\n<h5>Hosting<\/h5>\n<p>  Site hosted by OVH 2 rue Kellermann 59100 Roubaix France  <\/p>\n<h5>Copywriting, Design &amp; Development<\/h5>\n<p>  The content was written in close collaboration with <a href=\"https:\/\/white-elephant.fr\/\" target=\"_blank\" rel=\"noopener\">WhiteElephant<\/a>.<br \/>\nVisual identity, site design and development were handled by <a href=\"https:\/\/double.cat\/\" target=\"_blank\" rel=\"noopener\">DoubleCat Studio<\/a>. <\/p>\n","protected":false},"excerpt":{"rendered":"<p>Property The website www.arkee.fr is the property of : ARK\u00c9ESASwith capital of \u20ac1,000, whose registered office is located at:37 Rue des Entrep\u00f4ts93400Saint-OuenSIRET:84294863000020NAFcode: 7021Z This entire website is governed by French and international legislation on copyright and intellectual property. Reproduction of all or part of this site on any electronic medium whatsoever is strictly forbidden without [&hellip;]<\/p>\n","protected":false},"author":1,"featured_media":0,"parent":0,"menu_order":0,"comment_status":"closed","ping_status":"open","template":"page-simple.php","meta":{"_acf_changed":false,"_yoast_wpseo_title":"","_yoast_wpseo_metadesc":"Find out more about the legal information on www.Arkee.fr here.","footnotes":""},"acf":{"logo_header":"","logo_header_sticky":""},"yoast_head":"<!-- This site is optimized with the Yoast SEO plugin v22.2 - https:\/\/yoast.com\/wordpress\/plugins\/seo\/ -->\n<title>Terms of use - Ark\u00e9e - Du r\u00e9f\u00e9rencement autrement<\/title>\n<meta name=\"description\" content=\"Find out more about the legal information on www.Arkee.fr here.\" \/>\n<meta name=\"robots\" content=\"index, follow, max-snippet:-1, max-image-preview:large, max-video-preview:-1\" \/>\n<link rel=\"canonical\" href=\"https:\/\/www.arkee.fr\/en\/terms-of-use\/\" \/>\n<meta property=\"og:locale\" content=\"en_US\" \/>\n<meta property=\"og:type\" content=\"article\" \/>\n<meta property=\"og:title\" content=\"Terms of use - Ark\u00e9e - Du r\u00e9f\u00e9rencement autrement\" \/>\n<meta property=\"og:description\" content=\"Find out more about the legal information on www.Arkee.fr here.\" \/>\n<meta property=\"og:url\" content=\"https:\/\/www.arkee.fr\/en\/terms-of-use\/\" \/>\n<meta property=\"og:site_name\" content=\"Ark\u00e9e\" \/>\n<meta property=\"article:publisher\" content=\"https:\/\/www.facebook.com\/arkee.agency\" \/>\n<meta property=\"og:image\" content=\"https:\/\/www.arkee.fr\/wp-content\/uploads\/2021\/08\/Facebook-arkee-2.jpg\" \/>\n\t<meta property=\"og:image:width\" content=\"1200\" \/>\n\t<meta property=\"og:image:height\" content=\"630\" \/>\n\t<meta property=\"og:image:type\" content=\"image\/jpeg\" \/>\n<meta name=\"twitter:card\" content=\"summary_large_image\" \/>\n<meta name=\"twitter:label1\" content=\"Est. reading time\" \/>\n\t<meta name=\"twitter:data1\" content=\"1 minute\" \/>\n<script type=\"application\/ld+json\" class=\"yoast-schema-graph\">{\"@context\":\"https:\/\/schema.org\",\"@graph\":[{\"@type\":\"WebPage\",\"@id\":\"https:\/\/www.arkee.fr\/en\/terms-of-use\/\",\"url\":\"https:\/\/www.arkee.fr\/en\/terms-of-use\/\",\"name\":\"Terms of use - Ark\u00e9e - Du r\u00e9f\u00e9rencement autrement\",\"isPartOf\":{\"@id\":\"https:\/\/www.arkee.fr\/en\/#website\"},\"datePublished\":\"2021-03-16T13:06:34+00:00\",\"dateModified\":\"2021-03-16T13:06:34+00:00\",\"description\":\"Find out more about the legal information on www.Arkee.fr here.\",\"breadcrumb\":{\"@id\":\"https:\/\/www.arkee.fr\/en\/terms-of-use\/#breadcrumb\"},\"inLanguage\":\"en-US\",\"potentialAction\":[{\"@type\":\"ReadAction\",\"target\":[\"https:\/\/www.arkee.fr\/en\/terms-of-use\/\"]}]},{\"@type\":\"BreadcrumbList\",\"@id\":\"https:\/\/www.arkee.fr\/en\/terms-of-use\/#breadcrumb\",\"itemListElement\":[{\"@type\":\"ListItem\",\"position\":1,\"name\":\"Accueil\",\"item\":\"https:\/\/www.arkee.fr\/en\/home\/\"},{\"@type\":\"ListItem\",\"position\":2,\"name\":\"Terms of use\"}]},{\"@type\":\"WebSite\",\"@id\":\"https:\/\/www.arkee.fr\/en\/#website\",\"url\":\"https:\/\/www.arkee.fr\/en\/\",\"name\":\"Ark\u00e9e\",\"description\":\"Activez vraiment le SEO\",\"potentialAction\":[{\"@type\":\"SearchAction\",\"target\":{\"@type\":\"EntryPoint\",\"urlTemplate\":\"https:\/\/www.arkee.fr\/en\/?s={search_term_string}\"},\"query-input\":\"required name=search_term_string\"}],\"inLanguage\":\"en-US\"}]}<\/script>\n<!-- \/ Yoast SEO plugin. -->","yoast_head_json":{"title":"Terms of use - Ark\u00e9e - Du r\u00e9f\u00e9rencement autrement","description":"Find out more about the legal information on www.Arkee.fr here.","robots":{"index":"index","follow":"follow","max-snippet":"max-snippet:-1","max-image-preview":"max-image-preview:large","max-video-preview":"max-video-preview:-1"},"canonical":"https:\/\/www.arkee.fr\/en\/terms-of-use\/","og_locale":"en_US","og_type":"article","og_title":"Terms of use - Ark\u00e9e - Du r\u00e9f\u00e9rencement autrement","og_description":"Find out more about the legal information on www.Arkee.fr here.","og_url":"https:\/\/www.arkee.fr\/en\/terms-of-use\/","og_site_name":"Ark\u00e9e","article_publisher":"https:\/\/www.facebook.com\/arkee.agency","og_image":[{"width":1200,"height":630,"url":"https:\/\/www.arkee.fr\/wp-content\/uploads\/2021\/08\/Facebook-arkee-2.jpg","type":"image\/jpeg"}],"twitter_card":"summary_large_image","twitter_misc":{"Est. reading time":"1 minute"},"schema":{"@context":"https:\/\/schema.org","@graph":[{"@type":"WebPage","@id":"https:\/\/www.arkee.fr\/en\/terms-of-use\/","url":"https:\/\/www.arkee.fr\/en\/terms-of-use\/","name":"Terms of use - Ark\u00e9e - Du r\u00e9f\u00e9rencement autrement","isPartOf":{"@id":"https:\/\/www.arkee.fr\/en\/#website"},"datePublished":"2021-03-16T13:06:34+00:00","dateModified":"2021-03-16T13:06:34+00:00","description":"Find out more about the legal information on www.Arkee.fr here.","breadcrumb":{"@id":"https:\/\/www.arkee.fr\/en\/terms-of-use\/#breadcrumb"},"inLanguage":"en-US","potentialAction":[{"@type":"ReadAction","target":["https:\/\/www.arkee.fr\/en\/terms-of-use\/"]}]},{"@type":"BreadcrumbList","@id":"https:\/\/www.arkee.fr\/en\/terms-of-use\/#breadcrumb","itemListElement":[{"@type":"ListItem","position":1,"name":"Accueil","item":"https:\/\/www.arkee.fr\/en\/home\/"},{"@type":"ListItem","position":2,"name":"Terms of use"}]},{"@type":"WebSite","@id":"https:\/\/www.arkee.fr\/en\/#website","url":"https:\/\/www.arkee.fr\/en\/","name":"Ark\u00e9e","description":"Activez vraiment le SEO","potentialAction":[{"@type":"SearchAction","target":{"@type":"EntryPoint","urlTemplate":"https:\/\/www.arkee.fr\/en\/?s={search_term_string}"},"query-input":"required name=search_term_string"}],"inLanguage":"en-US"}]}},"_links":{"self":[{"href":"https:\/\/www.arkee.fr\/en\/wp-json\/wp\/v2\/pages\/4675"}],"collection":[{"href":"https:\/\/www.arkee.fr\/en\/wp-json\/wp\/v2\/pages"}],"about":[{"href":"https:\/\/www.arkee.fr\/en\/wp-json\/wp\/v2\/types\/page"}],"author":[{"embeddable":true,"href":"https:\/\/www.arkee.fr\/en\/wp-json\/wp\/v2\/users\/1"}],"replies":[{"embeddable":true,"href":"https:\/\/www.arkee.fr\/en\/wp-json\/wp\/v2\/comments?post=4675"}],"version-history":[{"count":0,"href":"https:\/\/www.arkee.fr\/en\/wp-json\/wp\/v2\/pages\/4675\/revisions"}],"wp:attachment":[{"href":"https:\/\/www.arkee.fr\/en\/wp-json\/wp\/v2\/media?parent=4675"}],"curies":[{"name":"wp","href":"https:\/\/api.w.org\/{rel}","templated":true}]}}