{"id":4725,"date":"2021-07-27T23:01:12","date_gmt":"2021-07-27T21:01:12","guid":{"rendered":"https:\/\/www.arkee.fr\/privacy-policy\/"},"modified":"2024-09-30T13:28:30","modified_gmt":"2024-09-30T11:28:30","slug":"privacy-policy","status":"publish","type":"page","link":"https:\/\/www.arkee.fr\/en\/privacy-policy\/","title":{"rendered":"Privacy policy"},"content":{"rendered":"\n<h2 class=\"h5 wp-block-heading\">Who we are<\/h2>\n\n<p>Our website address is: https:\/\/www.arkee.fr.<\/p>\n\n<h2 class=\"h5 wp-block-heading\">Comments<\/h2>\n\n<p>When you leave a comment on our site, the data entered in the comment form, your IP address and your browser&#8217;s user agent are collected to help us detect undesirable comments.<\/p>\n\n<p>An anonymized string created from your e-mail address (also known as a hash) may be sent to the Gravatar service to verify your use of the service.\nGravatar&#8217;s privacy policy is available here: https:\/\/automattic.com\/privacy\/. Once your comment has been validated, your profile photo will be publicly visible alongside your comment. <\/p>\n\n<h2 class=\"h5 wp-block-heading\">Media<\/h2>\n\n<p>If you upload images to the site, we advise you to avoid uploading images containing EXIF data of GPS coordinates.\nPeople visiting your site may download and extract location data from these images. <\/p>\n\n<h2 class=\"h5 wp-block-heading\">Cookies<\/h2>\n\n<p>If you leave a comment on our site, you will be asked to save your name, e-mail address and site in cookies.\nThis is only for your convenience, so that you don&#8217;t have to enter this information if you leave another comment later.\nThese cookies expire after one year.  <\/p>\n\n<p>If you go to the login page, a temporary cookie will be created to determine whether your browser accepts cookies.\nIt contains no personal data and will be deleted automatically when you close your browser. <\/p>\n\n<p>When you log in, we will set a number of cookies to record your login information and screen preferences.\nThe lifetime of a connection cookie is two days, that of a screen option cookie is one year.\nIf you check &#8220;Remember me&#8221;, your login cookie will be kept for two weeks.\nIf you log out of your account, the login cookie will be deleted.   <\/p>\n\n<p>By modifying or publishing a publication, an additional cookie will be stored in your browser.\nThis cookie does not contain any personal data.\nIt simply indicates the ID of the publication you have just modified.\nIt expires after one day.   <\/p>\n\n<h2 class=\"h5 wp-block-heading\">Embedded content from other sites<\/h2>\n\n<p>Articles on this site may include embedded content (e.g. videos, images, articles, etc.).\nEmbedded content from other sites behaves in the same way as if the visitor were visiting that other site. <\/p>\n\n<p>These websites may collect data about you, use cookies, embed third-party tracking tools, track your interactions with these embedded contents if you have a logged-in account on their website.<\/p>\n\n<h2 class=\"h5 wp-block-heading\">Use and transmission of your personal data<\/h2>\n\n<p>If you request a password reset, your IP address will be included in the reset e-mail.<\/p>\n\n<h2 class=\"h5 wp-block-heading\">Data storage periods<\/h2>\n\n<p>If you leave a comment, the comment and its metadata are retained indefinitely.\nThis makes it possible to automatically recognize and approve subsequent comments, rather than leaving them in the moderation queue. <\/p>\n\n<p>For accounts that register on our site (where applicable), we also store the personal data indicated in their profile.\nAll accounts can view, modify or delete their personal information at any time (with the exception of their login).\nSite managers can also view and modify this information.  <\/p>\n\n<h2 class=\"h5 wp-block-heading\">The rights you have over your data<\/h2>\n\n<p>If you have an account or if you have left comments on the site, you may request to receive a file containing all the personal data we hold about you, including that which you have provided to us.\nYou can also request the deletion of your personal data.\nThis does not include data stored for administrative, legal or security purposes.  <\/p>\n\n<h2 class=\"h5 wp-block-heading\">Transmission of your personal data<\/h2>\n\n<p>Visitor comments can be checked using an automated spam detection service.<\/p>\n","protected":false},"excerpt":{"rendered":"<p>Who we are Our website address is: https:\/\/www.arkee.fr. Comments When you leave a comment on our site, the data entered in the comment form, your IP address and your browser&#8217;s user agent are collected to help us detect undesirable comments. An anonymized string created from your e-mail address (also known as a hash) may be [&hellip;]<\/p>\n","protected":false},"author":2,"featured_media":0,"parent":0,"menu_order":0,"comment_status":"closed","ping_status":"closed","template":"page-simple.php","meta":{"_acf_changed":false,"_yoast_wpseo_title":"","_yoast_wpseo_metadesc":"Discover our privacy policy for www.arkee.fr.","footnotes":""},"acf":{"logo_header":"","logo_header_sticky":""},"yoast_head":"<!-- This site is optimized with the Yoast SEO plugin v22.2 - https:\/\/yoast.com\/wordpress\/plugins\/seo\/ -->\n<title>Privacy policy - Ark\u00e9e - Du r\u00e9f\u00e9rencement autrement<\/title>\n<meta name=\"description\" content=\"Discover our privacy policy for www.arkee.fr.\" \/>\n<meta name=\"robots\" content=\"index, follow, max-snippet:-1, max-image-preview:large, max-video-preview:-1\" \/>\n<link rel=\"canonical\" href=\"https:\/\/www.arkee.fr\/en\/privacy-policy\/\" \/>\n<meta property=\"og:locale\" content=\"en_US\" \/>\n<meta property=\"og:type\" content=\"article\" \/>\n<meta property=\"og:title\" content=\"Privacy policy - Ark\u00e9e - Du r\u00e9f\u00e9rencement autrement\" \/>\n<meta property=\"og:description\" content=\"Discover our privacy policy for www.arkee.fr.\" \/>\n<meta property=\"og:url\" content=\"https:\/\/www.arkee.fr\/en\/privacy-policy\/\" \/>\n<meta property=\"og:site_name\" content=\"Ark\u00e9e\" \/>\n<meta property=\"article:publisher\" content=\"https:\/\/www.facebook.com\/arkee.agency\" \/>\n<meta property=\"article:modified_time\" content=\"2024-09-30T11:28:30+00:00\" \/>\n<meta property=\"og:image\" content=\"https:\/\/www.arkee.fr\/wp-content\/uploads\/2021\/08\/Facebook-arkee-2.jpg\" \/>\n\t<meta property=\"og:image:width\" content=\"1200\" \/>\n\t<meta property=\"og:image:height\" content=\"630\" \/>\n\t<meta property=\"og:image:type\" content=\"image\/jpeg\" \/>\n<meta name=\"twitter:card\" content=\"summary_large_image\" \/>\n<meta name=\"twitter:label1\" content=\"Est. reading time\" \/>\n\t<meta name=\"twitter:data1\" content=\"3 minutes\" \/>\n<script type=\"application\/ld+json\" class=\"yoast-schema-graph\">{\"@context\":\"https:\/\/schema.org\",\"@graph\":[{\"@type\":\"WebPage\",\"@id\":\"https:\/\/www.arkee.fr\/en\/privacy-policy\/\",\"url\":\"https:\/\/www.arkee.fr\/en\/privacy-policy\/\",\"name\":\"Privacy policy - Ark\u00e9e - Du r\u00e9f\u00e9rencement autrement\",\"isPartOf\":{\"@id\":\"https:\/\/www.arkee.fr\/en\/#website\"},\"datePublished\":\"2021-07-27T21:01:12+00:00\",\"dateModified\":\"2024-09-30T11:28:30+00:00\",\"description\":\"Discover our privacy policy for www.arkee.fr.\",\"breadcrumb\":{\"@id\":\"https:\/\/www.arkee.fr\/en\/privacy-policy\/#breadcrumb\"},\"inLanguage\":\"en-US\",\"potentialAction\":[{\"@type\":\"ReadAction\",\"target\":[\"https:\/\/www.arkee.fr\/en\/privacy-policy\/\"]}]},{\"@type\":\"BreadcrumbList\",\"@id\":\"https:\/\/www.arkee.fr\/en\/privacy-policy\/#breadcrumb\",\"itemListElement\":[{\"@type\":\"ListItem\",\"position\":1,\"name\":\"Accueil\",\"item\":\"https:\/\/www.arkee.fr\/en\/home\/\"},{\"@type\":\"ListItem\",\"position\":2,\"name\":\"Privacy policy\"}]},{\"@type\":\"WebSite\",\"@id\":\"https:\/\/www.arkee.fr\/en\/#website\",\"url\":\"https:\/\/www.arkee.fr\/en\/\",\"name\":\"Ark\u00e9e\",\"description\":\"Activez vraiment le SEO\",\"potentialAction\":[{\"@type\":\"SearchAction\",\"target\":{\"@type\":\"EntryPoint\",\"urlTemplate\":\"https:\/\/www.arkee.fr\/en\/?s={search_term_string}\"},\"query-input\":\"required name=search_term_string\"}],\"inLanguage\":\"en-US\"}]}<\/script>\n<!-- \/ Yoast SEO plugin. -->","yoast_head_json":{"title":"Privacy policy - Ark\u00e9e - Du r\u00e9f\u00e9rencement autrement","description":"Discover our privacy policy for www.arkee.fr.","robots":{"index":"index","follow":"follow","max-snippet":"max-snippet:-1","max-image-preview":"max-image-preview:large","max-video-preview":"max-video-preview:-1"},"canonical":"https:\/\/www.arkee.fr\/en\/privacy-policy\/","og_locale":"en_US","og_type":"article","og_title":"Privacy policy - Ark\u00e9e - Du r\u00e9f\u00e9rencement autrement","og_description":"Discover our privacy policy for www.arkee.fr.","og_url":"https:\/\/www.arkee.fr\/en\/privacy-policy\/","og_site_name":"Ark\u00e9e","article_publisher":"https:\/\/www.facebook.com\/arkee.agency","article_modified_time":"2024-09-30T11:28:30+00:00","og_image":[{"width":1200,"height":630,"url":"https:\/\/www.arkee.fr\/wp-content\/uploads\/2021\/08\/Facebook-arkee-2.jpg","type":"image\/jpeg"}],"twitter_card":"summary_large_image","twitter_misc":{"Est. reading time":"3 minutes"},"schema":{"@context":"https:\/\/schema.org","@graph":[{"@type":"WebPage","@id":"https:\/\/www.arkee.fr\/en\/privacy-policy\/","url":"https:\/\/www.arkee.fr\/en\/privacy-policy\/","name":"Privacy policy - Ark\u00e9e - Du r\u00e9f\u00e9rencement autrement","isPartOf":{"@id":"https:\/\/www.arkee.fr\/en\/#website"},"datePublished":"2021-07-27T21:01:12+00:00","dateModified":"2024-09-30T11:28:30+00:00","description":"Discover our privacy policy for www.arkee.fr.","breadcrumb":{"@id":"https:\/\/www.arkee.fr\/en\/privacy-policy\/#breadcrumb"},"inLanguage":"en-US","potentialAction":[{"@type":"ReadAction","target":["https:\/\/www.arkee.fr\/en\/privacy-policy\/"]}]},{"@type":"BreadcrumbList","@id":"https:\/\/www.arkee.fr\/en\/privacy-policy\/#breadcrumb","itemListElement":[{"@type":"ListItem","position":1,"name":"Accueil","item":"https:\/\/www.arkee.fr\/en\/home\/"},{"@type":"ListItem","position":2,"name":"Privacy policy"}]},{"@type":"WebSite","@id":"https:\/\/www.arkee.fr\/en\/#website","url":"https:\/\/www.arkee.fr\/en\/","name":"Ark\u00e9e","description":"Activez vraiment le SEO","potentialAction":[{"@type":"SearchAction","target":{"@type":"EntryPoint","urlTemplate":"https:\/\/www.arkee.fr\/en\/?s={search_term_string}"},"query-input":"required name=search_term_string"}],"inLanguage":"en-US"}]}},"_links":{"self":[{"href":"https:\/\/www.arkee.fr\/en\/wp-json\/wp\/v2\/pages\/4725"}],"collection":[{"href":"https:\/\/www.arkee.fr\/en\/wp-json\/wp\/v2\/pages"}],"about":[{"href":"https:\/\/www.arkee.fr\/en\/wp-json\/wp\/v2\/types\/page"}],"author":[{"embeddable":true,"href":"https:\/\/www.arkee.fr\/en\/wp-json\/wp\/v2\/users\/2"}],"replies":[{"embeddable":true,"href":"https:\/\/www.arkee.fr\/en\/wp-json\/wp\/v2\/comments?post=4725"}],"version-history":[{"count":1,"href":"https:\/\/www.arkee.fr\/en\/wp-json\/wp\/v2\/pages\/4725\/revisions"}],"predecessor-version":[{"id":4726,"href":"https:\/\/www.arkee.fr\/en\/wp-json\/wp\/v2\/pages\/4725\/revisions\/4726"}],"wp:attachment":[{"href":"https:\/\/www.arkee.fr\/en\/wp-json\/wp\/v2\/media?parent=4725"}],"curies":[{"name":"wp","href":"https:\/\/api.w.org\/{rel}","templated":true}]}}