{"id":4812,"date":"2024-08-09T14:51:47","date_gmt":"2024-08-09T12:51:47","guid":{"rendered":"https:\/\/www.arkee.fr\/seo-agency-saint-ouen-sur-seine\/"},"modified":"2024-08-09T14:51:47","modified_gmt":"2024-08-09T12:51:47","slug":"seo-agency-saint-ouen-sur-seine","status":"publish","type":"page","link":"https:\/\/www.arkee.fr\/en\/seo-agency-saint-ouen-sur-seine\/","title":{"rendered":"SEO agency Saint-Ouen-sur-Seine"},"content":{"rendered":"","protected":false},"excerpt":{"rendered":"","protected":false},"author":20,"featured_media":0,"parent":0,"menu_order":0,"comment_status":"closed","ping_status":"closed","template":"","meta":{"_acf_changed":false,"_yoast_wpseo_title":"","_yoast_wpseo_metadesc":"","footnotes":""},"acf":{"blocs":null,"logo_header":"","logo_header_sticky":""},"yoast_head":"<!-- This site is optimized with the Yoast SEO plugin v22.2 - https:\/\/yoast.com\/wordpress\/plugins\/seo\/ -->\n<title>SEO agency Saint-Ouen-sur-Seine - Ark\u00e9e - Du r\u00e9f\u00e9rencement autrement<\/title>\n<meta name=\"description\" content=\"Termin\u00e9 le trafic qui n&#039;est ni pr\u00e9visible, ni \u00e0 la hauteur. Notre SEO agency Saint-Ouen-sur-Seine est l\u00e0 pour lui donner un s\u00e9rieux coup de boost.\" \/>\n<meta name=\"robots\" content=\"index, follow, max-snippet:-1, max-image-preview:large, max-video-preview:-1\" \/>\n<link rel=\"canonical\" href=\"https:\/\/www.arkee.fr\/en\/seo-agency-saint-ouen-sur-seine\/\" \/>\n<meta property=\"og:locale\" content=\"en_US\" \/>\n<meta property=\"og:type\" content=\"article\" \/>\n<meta property=\"og:title\" content=\"SEO agency Saint-Ouen-sur-Seine - Ark\u00e9e - Du r\u00e9f\u00e9rencement autrement\" \/>\n<meta property=\"og:description\" content=\"Termin\u00e9 le trafic qui n&#039;est ni pr\u00e9visible, ni \u00e0 la hauteur. Notre SEO agency Saint-Ouen-sur-Seine est l\u00e0 pour lui donner un s\u00e9rieux coup de boost.\" \/>\n<meta property=\"og:url\" content=\"https:\/\/www.arkee.fr\/en\/seo-agency-saint-ouen-sur-seine\/\" \/>\n<meta property=\"og:site_name\" content=\"Ark\u00e9e\" \/>\n<meta property=\"article:publisher\" content=\"https:\/\/www.facebook.com\/arkee.agency\" \/>\n<meta property=\"og:image\" content=\"https:\/\/www.arkee.fr\/wp-content\/uploads\/2021\/08\/Facebook-arkee-2.jpg\" \/>\n\t<meta property=\"og:image:width\" content=\"1200\" \/>\n\t<meta property=\"og:image:height\" content=\"630\" \/>\n\t<meta property=\"og:image:type\" content=\"image\/jpeg\" \/>\n<meta name=\"twitter:card\" content=\"summary_large_image\" \/>\n<script type=\"application\/ld+json\" class=\"yoast-schema-graph\">{\"@context\":\"https:\/\/schema.org\",\"@graph\":[{\"@type\":\"WebPage\",\"@id\":\"https:\/\/www.arkee.fr\/en\/seo-agency-saint-ouen-sur-seine\/\",\"url\":\"https:\/\/www.arkee.fr\/en\/seo-agency-saint-ouen-sur-seine\/\",\"name\":\"SEO agency Saint-Ouen-sur-Seine - Ark\u00e9e - Du r\u00e9f\u00e9rencement autrement\",\"isPartOf\":{\"@id\":\"https:\/\/www.arkee.fr\/en\/#website\"},\"datePublished\":\"2024-08-09T12:51:47+00:00\",\"dateModified\":\"2024-08-09T12:51:47+00:00\",\"description\":\"Termin\u00e9 le trafic qui n'est ni pr\u00e9visible, ni \u00e0 la hauteur. Notre SEO agency Saint-Ouen-sur-Seine est l\u00e0 pour lui donner un s\u00e9rieux coup de boost.\",\"breadcrumb\":{\"@id\":\"https:\/\/www.arkee.fr\/en\/seo-agency-saint-ouen-sur-seine\/#breadcrumb\"},\"inLanguage\":\"en-US\",\"potentialAction\":[{\"@type\":\"ReadAction\",\"target\":[\"https:\/\/www.arkee.fr\/en\/seo-agency-saint-ouen-sur-seine\/\"]}]},{\"@type\":\"BreadcrumbList\",\"@id\":\"https:\/\/www.arkee.fr\/en\/seo-agency-saint-ouen-sur-seine\/#breadcrumb\",\"itemListElement\":[{\"@type\":\"ListItem\",\"position\":1,\"name\":\"Accueil\",\"item\":\"https:\/\/www.arkee.fr\/en\/home\/\"},{\"@type\":\"ListItem\",\"position\":2,\"name\":\"SEO agency Saint-Ouen-sur-Seine\"}]},{\"@type\":\"WebSite\",\"@id\":\"https:\/\/www.arkee.fr\/en\/#website\",\"url\":\"https:\/\/www.arkee.fr\/en\/\",\"name\":\"Ark\u00e9e\",\"description\":\"Activez vraiment le SEO\",\"potentialAction\":[{\"@type\":\"SearchAction\",\"target\":{\"@type\":\"EntryPoint\",\"urlTemplate\":\"https:\/\/www.arkee.fr\/en\/?s={search_term_string}\"},\"query-input\":\"required name=search_term_string\"}],\"inLanguage\":\"en-US\"}]}<\/script>\n<!-- \/ Yoast SEO plugin. -->","yoast_head_json":{"title":"SEO agency Saint-Ouen-sur-Seine - Ark\u00e9e - Du r\u00e9f\u00e9rencement autrement","description":"Termin\u00e9 le trafic qui n'est ni pr\u00e9visible, ni \u00e0 la hauteur. Notre SEO agency Saint-Ouen-sur-Seine est l\u00e0 pour lui donner un s\u00e9rieux coup de boost.","robots":{"index":"index","follow":"follow","max-snippet":"max-snippet:-1","max-image-preview":"max-image-preview:large","max-video-preview":"max-video-preview:-1"},"canonical":"https:\/\/www.arkee.fr\/en\/seo-agency-saint-ouen-sur-seine\/","og_locale":"en_US","og_type":"article","og_title":"SEO agency Saint-Ouen-sur-Seine - Ark\u00e9e - Du r\u00e9f\u00e9rencement autrement","og_description":"Termin\u00e9 le trafic qui n'est ni pr\u00e9visible, ni \u00e0 la hauteur. Notre SEO agency Saint-Ouen-sur-Seine est l\u00e0 pour lui donner un s\u00e9rieux coup de boost.","og_url":"https:\/\/www.arkee.fr\/en\/seo-agency-saint-ouen-sur-seine\/","og_site_name":"Ark\u00e9e","article_publisher":"https:\/\/www.facebook.com\/arkee.agency","og_image":[{"width":1200,"height":630,"url":"https:\/\/www.arkee.fr\/wp-content\/uploads\/2021\/08\/Facebook-arkee-2.jpg","type":"image\/jpeg"}],"twitter_card":"summary_large_image","schema":{"@context":"https:\/\/schema.org","@graph":[{"@type":"WebPage","@id":"https:\/\/www.arkee.fr\/en\/seo-agency-saint-ouen-sur-seine\/","url":"https:\/\/www.arkee.fr\/en\/seo-agency-saint-ouen-sur-seine\/","name":"SEO agency Saint-Ouen-sur-Seine - Ark\u00e9e - Du r\u00e9f\u00e9rencement autrement","isPartOf":{"@id":"https:\/\/www.arkee.fr\/en\/#website"},"datePublished":"2024-08-09T12:51:47+00:00","dateModified":"2024-08-09T12:51:47+00:00","description":"Termin\u00e9 le trafic qui n'est ni pr\u00e9visible, ni \u00e0 la hauteur. Notre SEO agency Saint-Ouen-sur-Seine est l\u00e0 pour lui donner un s\u00e9rieux coup de boost.","breadcrumb":{"@id":"https:\/\/www.arkee.fr\/en\/seo-agency-saint-ouen-sur-seine\/#breadcrumb"},"inLanguage":"en-US","potentialAction":[{"@type":"ReadAction","target":["https:\/\/www.arkee.fr\/en\/seo-agency-saint-ouen-sur-seine\/"]}]},{"@type":"BreadcrumbList","@id":"https:\/\/www.arkee.fr\/en\/seo-agency-saint-ouen-sur-seine\/#breadcrumb","itemListElement":[{"@type":"ListItem","position":1,"name":"Accueil","item":"https:\/\/www.arkee.fr\/en\/home\/"},{"@type":"ListItem","position":2,"name":"SEO agency Saint-Ouen-sur-Seine"}]},{"@type":"WebSite","@id":"https:\/\/www.arkee.fr\/en\/#website","url":"https:\/\/www.arkee.fr\/en\/","name":"Ark\u00e9e","description":"Activez vraiment le SEO","potentialAction":[{"@type":"SearchAction","target":{"@type":"EntryPoint","urlTemplate":"https:\/\/www.arkee.fr\/en\/?s={search_term_string}"},"query-input":"required name=search_term_string"}],"inLanguage":"en-US"}]}},"_links":{"self":[{"href":"https:\/\/www.arkee.fr\/en\/wp-json\/wp\/v2\/pages\/4812"}],"collection":[{"href":"https:\/\/www.arkee.fr\/en\/wp-json\/wp\/v2\/pages"}],"about":[{"href":"https:\/\/www.arkee.fr\/en\/wp-json\/wp\/v2\/types\/page"}],"author":[{"embeddable":true,"href":"https:\/\/www.arkee.fr\/en\/wp-json\/wp\/v2\/users\/20"}],"replies":[{"embeddable":true,"href":"https:\/\/www.arkee.fr\/en\/wp-json\/wp\/v2\/comments?post=4812"}],"version-history":[{"count":0,"href":"https:\/\/www.arkee.fr\/en\/wp-json\/wp\/v2\/pages\/4812\/revisions"}],"wp:attachment":[{"href":"https:\/\/www.arkee.fr\/en\/wp-json\/wp\/v2\/media?parent=4812"}],"curies":[{"name":"wp","href":"https:\/\/api.w.org\/{rel}","templated":true}]}}